{"id":2,"date":"2026-01-13T14:38:46","date_gmt":"2026-01-13T14:38:46","guid":{"rendered":"http:\/\/zelenysvedok.sk\/?page_id=2"},"modified":"2026-01-15T12:35:00","modified_gmt":"2026-01-15T12:35:00","slug":"sample-page","status":"publish","type":"page","link":"https:\/\/zelenysvedok.sk\/?page_id=2","title":{"rendered":"O mne"},"content":{"rendered":"\n<pre class=\"wp-block-verse\">Ahoj priatelia!<br><br>Som zelen\u00fd svedok, ktor\u00e9ho Tribe\u010dsk\u00e9 lesy nau\u010dili po\u010d\u00fava\u0165 ticho a kr\u00e1su na\u0161ich h\u00f4r.  <br>   <br>   Tento blog vznikol z t\u00fa\u017eby zdie\u013ea\u0165 s okol\u00edm tie mal\u00e9 z\u00e1zraky, ktor\u00e9 sa dej\u00fa medzi stromami, na \u00fabo\u010diach a v dolin\u00e1ch tohto kr\u00e1sneho starobyl\u00e9ho pohoria. Nie som len pozorovate\u013e \u2013 som s\u00fa\u010das\u0165ou tohto zelen\u00e9ho kraja. Chod\u00edm po t\u00fdchto chodn\u00edkoch, d\u00fdcham jeho vzduch, fot\u00edm jeho svetlo a zapisujem si svoje my\u0161lienky, ktor\u00e9 mi prin\u00e1\u0161a vietor. <br>   <br>   Ak miluje\u0161 pr\u00edrodu, ticho, pokoj a pr\u00edbehy skryt\u00e9 v kore\u0148och stromov, pridaj sa ku mne. Spolu m\u00f4\u017eeme objavi\u0165, \u017ee Tribe\u010d nie je len miesto na mape \u2014 je to du\u0161a, ktor\u00e1 rozpr\u00e1va ka\u017ed\u00e9mu, kto ju po\u010d\u00fava. Pridajte sa ku mne na t\u00fato cestu pokojom a kr\u00e1sou pr\u00edrody.   Tak po\u010fme spolu na to :)<\/pre>\n\n\n\n<figure class=\"wp-block-image aligncenter size-full is-resized\"><img loading=\"lazy\" decoding=\"async\" width=\"1024\" height=\"683\" src=\"https:\/\/zelenysvedok.sk\/wp-content\/uploads\/2026\/01\/unnamed-edited.jpg\" alt=\"\" class=\"wp-image-229\" style=\"width:579px;height:auto\" srcset=\"https:\/\/zelenysvedok.sk\/wp-content\/uploads\/2026\/01\/unnamed-edited.jpg 1024w, https:\/\/zelenysvedok.sk\/wp-content\/uploads\/2026\/01\/unnamed-edited-300x200.jpg 300w, https:\/\/zelenysvedok.sk\/wp-content\/uploads\/2026\/01\/unnamed-edited-768x512.jpg 768w\" sizes=\"auto, (max-width: 1024px) 100vw, 1024px\" \/><\/figure>\n\n\n\n<div class=\"wp-block-cover is-light\"><img decoding=\"async\" class=\"wp-block-cover__image-background\" alt=\"\" src=\"blob:https:\/\/zelenysvedok.sk\/d7192ddd-4486-46a3-9294-792ec9bd1d94\" data-object-fit=\"cover\"\/><span aria-hidden=\"true\" class=\"wp-block-cover__background has-background-dim-0 has-background-dim\" style=\"background-color:#9b8573\"><\/span><div class=\"wp-block-cover__inner-container is-layout-flow wp-block-cover-is-layout-flow\">\n<div class=\"wp-block-cover\"><span aria-hidden=\"true\" class=\"wp-block-cover__background has-background-dim\"><\/span><div class=\"wp-block-cover__inner-container is-layout-flow wp-block-cover-is-layout-flow\">\n<div class=\"wp-block-group has-global-padding is-layout-constrained wp-container-core-group-is-layout-f4f3c486 wp-block-group-is-layout-constrained\" style=\"padding-top:60px;padding-right:20px;padding-bottom:60px;padding-left:20px\">\n<div class=\"wp-block-group alignwide has-background-color has-white-background-color has-text-color has-background has-link-color wp-elements-73dc3645181205b6adf2c3416280cf7a is-layout-flow wp-block-group-is-layout-flow\" style=\"border-radius:12px;margin-top:0px;margin-bottom:0px;padding-top:20px;padding-right:20px;padding-bottom:40px;padding-left:20px\">\n<div class=\"wp-block-columns is-layout-flex wp-container-core-columns-is-layout-28f84493 wp-block-columns-is-layout-flex\">\n<div class=\"wp-block-column is-layout-flow wp-block-column-is-layout-flow\">\n<div class=\"wp-block-group has-global-padding is-layout-constrained wp-block-group-is-layout-constrained\">\n<h4 class=\"wp-block-heading has-regular-font-size\"><mark style=\"background-color:rgba(0, 0, 0, 0)\" class=\"has-inline-color has-heading-color\">Kontakt<\/mark><\/h4>\n\n\n\n<hr class=\"wp-block-separator has-text-color has-primary-color has-alpha-channel-opacity has-primary-background-color has-background is-style-wide\"\/>\n\n\n\n<div class=\"wp-block-group is-nowrap is-layout-flex wp-container-core-group-is-layout-fc054d2d wp-block-group-is-layout-flex\">\n<figure class=\"wp-block-image size-full\"><img decoding=\"async\" src=\"https:\/\/zelenysvedok.sk\/wp-content\/themes\/greengrass\/images\/map-foo.png\" alt=\"\" class=\"wp-image-897\"\/><\/figure>\n\n\n\n<p><mark style=\"background-color:rgba(0, 0, 0, 0)\" class=\"has-inline-color has-heading-color\">Topo\u013e\u010dany<\/mark><\/p>\n<\/div>\n\n\n\n<div class=\"wp-block-group is-nowrap is-layout-flex wp-container-core-group-is-layout-389f60b3 wp-block-group-is-layout-flex\" style=\"padding-top:0;padding-right:0;padding-bottom:0;padding-left:0\">\n<figure class=\"wp-block-image size-full\"><img decoding=\"async\" src=\"https:\/\/zelenysvedok.sk\/wp-content\/themes\/greengrass\/images\/envelope-foo.png\" alt=\"\" class=\"wp-image-899\"\/><\/figure>\n\n\n\n<p><a href=\"mailto:homebass.pg@gmail.com\"><mark style=\"background-color:rgba(0, 0, 0, 0)\" class=\"has-inline-color has-heading-color\">homebass.pg@gmail.com<\/mark><\/a><\/p>\n<\/div>\n\n\n\n<ul class=\"wp-block-social-links has-normal-icon-size has-icon-background-color is-layout-flex wp-container-core-social-links-is-layout-5b305994 wp-block-social-links-is-layout-flex\" style=\"margin-top:30px\"><li style=\"background-color:#019444;\" class=\"wp-social-link wp-social-link-instagram has-primary-background-color wp-block-social-link\"><a href=\"https:\/\/www.instagram.com\/pacho_air\/\" class=\"wp-block-social-link-anchor\"><svg width=\"24\" height=\"24\" viewBox=\"0 0 24 24\" version=\"1.1\" xmlns=\"http:\/\/www.w3.org\/2000\/svg\" aria-hidden=\"true\" focusable=\"false\"><path d=\"M12,4.622c2.403,0,2.688,0.009,3.637,0.052c0.877,0.04,1.354,0.187,1.671,0.31c0.42,0.163,0.72,0.358,1.035,0.673 c0.315,0.315,0.51,0.615,0.673,1.035c0.123,0.317,0.27,0.794,0.31,1.671c0.043,0.949,0.052,1.234,0.052,3.637 s-0.009,2.688-0.052,3.637c-0.04,0.877-0.187,1.354-0.31,1.671c-0.163,0.42-0.358,0.72-0.673,1.035 c-0.315,0.315-0.615,0.51-1.035,0.673c-0.317,0.123-0.794,0.27-1.671,0.31c-0.949,0.043-1.233,0.052-3.637,0.052 s-2.688-0.009-3.637-0.052c-0.877-0.04-1.354-0.187-1.671-0.31c-0.42-0.163-0.72-0.358-1.035-0.673 c-0.315-0.315-0.51-0.615-0.673-1.035c-0.123-0.317-0.27-0.794-0.31-1.671C4.631,14.688,4.622,14.403,4.622,12 s0.009-2.688,0.052-3.637c0.04-0.877,0.187-1.354,0.31-1.671c0.163-0.42,0.358-0.72,0.673-1.035 c0.315-0.315,0.615-0.51,1.035-0.673c0.317-0.123,0.794-0.27,1.671-0.31C9.312,4.631,9.597,4.622,12,4.622 M12,3 C9.556,3,9.249,3.01,8.289,3.054C7.331,3.098,6.677,3.25,6.105,3.472C5.513,3.702,5.011,4.01,4.511,4.511 c-0.5,0.5-0.808,1.002-1.038,1.594C3.25,6.677,3.098,7.331,3.054,8.289C3.01,9.249,3,9.556,3,12c0,2.444,0.01,2.751,0.054,3.711 c0.044,0.958,0.196,1.612,0.418,2.185c0.23,0.592,0.538,1.094,1.038,1.594c0.5,0.5,1.002,0.808,1.594,1.038 c0.572,0.222,1.227,0.375,2.185,0.418C9.249,20.99,9.556,21,12,21s2.751-0.01,3.711-0.054c0.958-0.044,1.612-0.196,2.185-0.418 c0.592-0.23,1.094-0.538,1.594-1.038c0.5-0.5,0.808-1.002,1.038-1.594c0.222-0.572,0.375-1.227,0.418-2.185 C20.99,14.751,21,14.444,21,12s-0.01-2.751-0.054-3.711c-0.044-0.958-0.196-1.612-0.418-2.185c-0.23-0.592-0.538-1.094-1.038-1.594 c-0.5-0.5-1.002-0.808-1.594-1.038c-0.572-0.222-1.227-0.375-2.185-0.418C14.751,3.01,14.444,3,12,3L12,3z M12,7.378 c-2.552,0-4.622,2.069-4.622,4.622S9.448,16.622,12,16.622s4.622-2.069,4.622-4.622S14.552,7.378,12,7.378z M12,15 c-1.657,0-3-1.343-3-3s1.343-3,3-3s3,1.343,3,3S13.657,15,12,15z M16.804,6.116c-0.596,0-1.08,0.484-1.08,1.08 s0.484,1.08,1.08,1.08c0.596,0,1.08-0.484,1.08-1.08S17.401,6.116,16.804,6.116z\"><\/path><\/svg><span class=\"wp-block-social-link-label screen-reader-text\">Instagram<\/span><\/a><\/li><\/ul>\n<\/div>\n<\/div>\n\n\n\n<div class=\"wp-block-column is-layout-flow wp-block-column-is-layout-flow\">\n<h4 class=\"wp-block-heading has-regular-font-size\"><mark style=\"background-color:rgba(0, 0, 0, 0)\" class=\"has-inline-color has-heading-color\">Useful Links<\/mark><\/h4>\n\n\n\n<hr class=\"wp-block-separator has-text-color has-primary-color has-alpha-channel-opacity has-primary-background-color has-background is-style-wide\"\/>\n\n\n\n<p><a href=\"#\"><mark style=\"background-color:rgba(0, 0, 0, 0)\" class=\"has-inline-color has-heading-color\">Domov<\/mark><\/a><\/p>\n\n\n\n<p style=\"margin-top:15px\"><a href=\"https:\/\/zelenysvedok.sk\/?page_id=2\"><mark style=\"background-color:rgba(0, 0, 0, 0)\" class=\"has-inline-color has-heading-color\">O mne<\/mark><\/a><\/p>\n<\/div>\n\n\n\n<div class=\"wp-block-column is-layout-flow wp-block-column-is-layout-flow\">\n<h4 class=\"wp-block-heading has-regular-font-size\"><mark style=\"background-color:rgba(0, 0, 0, 0)\" class=\"has-inline-color has-heading-color\">Gal\u00e9ria<\/mark><\/h4>\n\n\n\n<hr class=\"wp-block-separator has-text-color has-primary-color has-alpha-channel-opacity has-primary-background-color has-background is-style-wide\"\/>\n\n\n\n<figure class=\"wp-block-gallery has-nested-images columns-3 is-cropped wp-block-gallery-1 is-layout-flex wp-block-gallery-is-layout-flex\">\n<figure class=\"wp-block-image size-large\"><img loading=\"lazy\" decoding=\"async\" width=\"1024\" height=\"768\" data-id=\"244\" src=\"https:\/\/zelenysvedok.sk\/wp-content\/uploads\/2026\/01\/20230506_140447-1024x768.jpg\" alt=\"\" class=\"wp-image-244\" srcset=\"https:\/\/zelenysvedok.sk\/wp-content\/uploads\/2026\/01\/20230506_140447-1024x768.jpg 1024w, https:\/\/zelenysvedok.sk\/wp-content\/uploads\/2026\/01\/20230506_140447-300x225.jpg 300w, https:\/\/zelenysvedok.sk\/wp-content\/uploads\/2026\/01\/20230506_140447-768x576.jpg 768w, https:\/\/zelenysvedok.sk\/wp-content\/uploads\/2026\/01\/20230506_140447-1536x1152.jpg 1536w, https:\/\/zelenysvedok.sk\/wp-content\/uploads\/2026\/01\/20230506_140447-2048x1536.jpg 2048w\" sizes=\"auto, (max-width: 1024px) 100vw, 1024px\" \/><\/figure>\n\n\n\n<figure class=\"wp-block-image size-large\"><img loading=\"lazy\" decoding=\"async\" width=\"1024\" height=\"687\" data-id=\"240\" src=\"https:\/\/zelenysvedok.sk\/wp-content\/uploads\/2026\/01\/received_881639709346176-1024x687.jpeg\" alt=\"\" class=\"wp-image-240\" srcset=\"https:\/\/zelenysvedok.sk\/wp-content\/uploads\/2026\/01\/received_881639709346176-1024x687.jpeg 1024w, https:\/\/zelenysvedok.sk\/wp-content\/uploads\/2026\/01\/received_881639709346176-300x201.jpeg 300w, https:\/\/zelenysvedok.sk\/wp-content\/uploads\/2026\/01\/received_881639709346176-768x515.jpeg 768w, https:\/\/zelenysvedok.sk\/wp-content\/uploads\/2026\/01\/received_881639709346176-1536x1030.jpeg 1536w, https:\/\/zelenysvedok.sk\/wp-content\/uploads\/2026\/01\/received_881639709346176-2048x1373.jpeg 2048w\" sizes=\"auto, (max-width: 1024px) 100vw, 1024px\" \/><\/figure>\n\n\n\n<figure class=\"wp-block-image size-large\"><img loading=\"lazy\" decoding=\"async\" width=\"1024\" height=\"683\" data-id=\"269\" src=\"https:\/\/zelenysvedok.sk\/wp-content\/uploads\/2026\/01\/Gemini_Generated_Image_1yamtt1yamtt1yam-1024x683.png\" alt=\"\" class=\"wp-image-269\" srcset=\"https:\/\/zelenysvedok.sk\/wp-content\/uploads\/2026\/01\/Gemini_Generated_Image_1yamtt1yamtt1yam-1024x683.png 1024w, https:\/\/zelenysvedok.sk\/wp-content\/uploads\/2026\/01\/Gemini_Generated_Image_1yamtt1yamtt1yam-300x200.png 300w, https:\/\/zelenysvedok.sk\/wp-content\/uploads\/2026\/01\/Gemini_Generated_Image_1yamtt1yamtt1yam-768x512.png 768w, https:\/\/zelenysvedok.sk\/wp-content\/uploads\/2026\/01\/Gemini_Generated_Image_1yamtt1yamtt1yam.png 1248w\" sizes=\"auto, (max-width: 1024px) 100vw, 1024px\" \/><\/figure>\n\n\n\n<figure class=\"wp-block-image size-large\"><img loading=\"lazy\" decoding=\"async\" width=\"683\" height=\"1024\" data-id=\"243\" src=\"https:\/\/zelenysvedok.sk\/wp-content\/uploads\/2026\/01\/received_1041068722752379-683x1024.jpeg\" alt=\"\" class=\"wp-image-243\" srcset=\"https:\/\/zelenysvedok.sk\/wp-content\/uploads\/2026\/01\/received_1041068722752379-683x1024.jpeg 683w, https:\/\/zelenysvedok.sk\/wp-content\/uploads\/2026\/01\/received_1041068722752379-200x300.jpeg 200w, https:\/\/zelenysvedok.sk\/wp-content\/uploads\/2026\/01\/received_1041068722752379-768x1152.jpeg 768w, https:\/\/zelenysvedok.sk\/wp-content\/uploads\/2026\/01\/received_1041068722752379.jpeg 792w\" sizes=\"auto, (max-width: 683px) 100vw, 683px\" \/><\/figure>\n\n\n\n<figure class=\"wp-block-image size-large\"><img loading=\"lazy\" decoding=\"async\" width=\"1024\" height=\"1003\" data-id=\"18\" src=\"https:\/\/zelenysvedok.sk\/wp-content\/uploads\/2026\/01\/Screenshot_20251114_193220_Instagram-1024x1003.jpg\" alt=\"\" class=\"wp-image-18\" srcset=\"https:\/\/zelenysvedok.sk\/wp-content\/uploads\/2026\/01\/Screenshot_20251114_193220_Instagram-1024x1003.jpg 1024w, https:\/\/zelenysvedok.sk\/wp-content\/uploads\/2026\/01\/Screenshot_20251114_193220_Instagram-300x294.jpg 300w, https:\/\/zelenysvedok.sk\/wp-content\/uploads\/2026\/01\/Screenshot_20251114_193220_Instagram-768x752.jpg 768w, https:\/\/zelenysvedok.sk\/wp-content\/uploads\/2026\/01\/Screenshot_20251114_193220_Instagram.jpg 1080w\" sizes=\"auto, (max-width: 1024px) 100vw, 1024px\" \/><\/figure>\n\n\n\n<figure class=\"wp-block-image size-large\"><img loading=\"lazy\" decoding=\"async\" width=\"1024\" height=\"683\" data-id=\"267\" src=\"https:\/\/zelenysvedok.sk\/wp-content\/uploads\/2026\/01\/FB_IMG_1611498858500-1024x683.jpg\" alt=\"\" class=\"wp-image-267\" srcset=\"https:\/\/zelenysvedok.sk\/wp-content\/uploads\/2026\/01\/FB_IMG_1611498858500-1024x683.jpg 1024w, https:\/\/zelenysvedok.sk\/wp-content\/uploads\/2026\/01\/FB_IMG_1611498858500-300x200.jpg 300w, https:\/\/zelenysvedok.sk\/wp-content\/uploads\/2026\/01\/FB_IMG_1611498858500-768x512.jpg 768w, https:\/\/zelenysvedok.sk\/wp-content\/uploads\/2026\/01\/FB_IMG_1611498858500.jpg 1079w\" sizes=\"auto, (max-width: 1024px) 100vw, 1024px\" \/><\/figure>\n<\/figure>\n<\/div>\n<\/div>\n<\/div>\n<\/div>\n<\/div><\/div>\n<\/div><\/div>\n","protected":false},"excerpt":{"rendered":"<p>Ahoj priatelia!Som zelen\u00fd svedok, ktor\u00e9ho Tribe\u010dsk\u00e9 lesy nau\u010dili po\u010d\u00fava\u0165 ticho a kr\u00e1su na\u0161ich h\u00f4r. Tento blog vznikol z t\u00fa\u017eby zdie\u013ea\u0165 s okol\u00edm tie mal\u00e9 z\u00e1zraky, ktor\u00e9 sa dej\u00fa medzi stromami, na \u00fabo\u010diach a v dolin\u00e1ch tohto kr\u00e1sneho starobyl\u00e9ho pohoria. Nie som len pozorovate\u013e \u2013 som s\u00fa\u010das\u0165ou tohto zelen\u00e9ho kraja. Chod\u00edm po t\u00fdchto chodn\u00edkoch, d\u00fdcham jeho [&hellip;]<\/p>\n","protected":false},"author":1,"featured_media":0,"parent":0,"menu_order":0,"comment_status":"closed","ping_status":"closed","template":"","meta":{"footnotes":""},"class_list":["post-2","page","type-page","status-publish","hentry"],"_links":{"self":[{"href":"https:\/\/zelenysvedok.sk\/index.php?rest_route=\/wp\/v2\/pages\/2","targetHints":{"allow":["GET"]}}],"collection":[{"href":"https:\/\/zelenysvedok.sk\/index.php?rest_route=\/wp\/v2\/pages"}],"about":[{"href":"https:\/\/zelenysvedok.sk\/index.php?rest_route=\/wp\/v2\/types\/page"}],"author":[{"embeddable":true,"href":"https:\/\/zelenysvedok.sk\/index.php?rest_route=\/wp\/v2\/users\/1"}],"replies":[{"embeddable":true,"href":"https:\/\/zelenysvedok.sk\/index.php?rest_route=%2Fwp%2Fv2%2Fcomments&post=2"}],"version-history":[{"count":16,"href":"https:\/\/zelenysvedok.sk\/index.php?rest_route=\/wp\/v2\/pages\/2\/revisions"}],"predecessor-version":[{"id":271,"href":"https:\/\/zelenysvedok.sk\/index.php?rest_route=\/wp\/v2\/pages\/2\/revisions\/271"}],"wp:attachment":[{"href":"https:\/\/zelenysvedok.sk\/index.php?rest_route=%2Fwp%2Fv2%2Fmedia&parent=2"}],"curies":[{"name":"wp","href":"https:\/\/api.w.org\/{rel}","templated":true}]}}